{"id":5822,"date":"2023-05-10T10:47:47","date_gmt":"2023-05-10T08:47:47","guid":{"rendered":"https:\/\/yajar.ch\/product\/schokoladenmousse\/"},"modified":"2023-05-10T10:47:47","modified_gmt":"2023-05-10T08:47:47","slug":"chocolate-mousse","status":"publish","type":"product","link":"https:\/\/yajar.ch\/de\/product\/chocolate-mousse\/","title":{"rendered":"Schokoladenmousse"},"content":{"rendered":"<p>Geniessen Sie unser hausgemachtes veganes Schokoladenmousse, hergestellt aus feinster schweizer Felchlin Schokolade und luftigem Aquafaba. Diese cremige, pflanzliche K\u00f6stlichkeit bietet einen intensiven Schokoladengeschmack und eine verf\u00fchrerische Textur, die jeden Gaumen verw\u00f6hnt. Perfekt f\u00fcr alle, die auf der Suche nach einer exquisiten und zugleich veganen Dessertoption sind.<\/p>\n","protected":false},"excerpt":{"rendered":"<p>Geniessen Sie unser hausgemachtes veganes Schokoladenmousse, hergestellt aus feinster schweizer Felchlin Schokolade und luftigem Aquafaba. Diese cremige, pflanzliche K\u00f6stlichkeit bietet einen intensiven Schokoladengeschmack und eine verf\u00fchrerische Textur, die jeden Gaumen verw\u00f6hnt. Perfekt f\u00fcr alle, die auf der Suche nach einer exquisiten und zugleich veganen Dessertoption sind.<\/p>\n","protected":false},"featured_media":4692,"comment_status":"open","ping_status":"closed","template":"","meta":[],"product_brand":[],"product_cat":[234,211],"product_tag":[221],"class_list":{"0":"post-5822","1":"product","2":"type-product","3":"status-publish","4":"has-post-thumbnail","6":"product_cat-desserts-de","7":"product_cat-unkategorisiert","8":"product_tag-vegan-de","9":"description-off","11":"first","12":"instock","13":"taxable","14":"shipping-taxable","15":"product-type-simple"},"acf":[],"yoast_head":"<!-- This site is optimized with the Yoast SEO plugin v20.1 - https:\/\/yoast.com\/wordpress\/plugins\/seo\/ -->\n<title>Schokoladenmousse - YaJar<\/title>\n<meta name=\"robots\" content=\"index, follow, max-snippet:-1, max-image-preview:large, max-video-preview:-1\" \/>\n<link rel=\"canonical\" href=\"https:\/\/yajar.ch\/product\/schokoladenmousse\/\" \/>\n<meta property=\"og:locale\" content=\"de_DE\" \/>\n<meta property=\"og:type\" content=\"article\" \/>\n<meta property=\"og:title\" content=\"Schokoladenmousse - YaJar\" \/>\n<meta property=\"og:description\" content=\"Geniessen Sie unser hausgemachtes veganes Schokoladenmousse, hergestellt aus feinster schweizer Felchlin Schokolade und luftigem Aquafaba. Diese cremige, pflanzliche K\u00f6stlichkeit bietet einen intensiven Schokoladengeschmack und eine verf\u00fchrerische Textur, die jeden Gaumen verw\u00f6hnt. Perfekt f\u00fcr alle, die auf der Suche nach einer exquisiten und zugleich veganen Dessertoption sind.\" \/>\n<meta property=\"og:url\" content=\"https:\/\/yajar.ch\/product\/schokoladenmousse\/\" \/>\n<meta property=\"og:site_name\" content=\"YaJar\" \/>\n<meta property=\"article:publisher\" content=\"https:\/\/www.facebook.com\/YaJarFood\" \/>\n<meta name=\"twitter:card\" content=\"summary_large_image\" \/>\n<script type=\"application\/ld+json\" class=\"yoast-schema-graph\">{\"@context\":\"https:\/\/schema.org\",\"@graph\":[{\"@type\":\"WebPage\",\"@id\":\"https:\/\/yajar.ch\/product\/schokoladenmousse\/\",\"url\":\"https:\/\/yajar.ch\/product\/schokoladenmousse\/\",\"name\":\"Schokoladenmousse - YaJar\",\"isPartOf\":{\"@id\":\"https:\/\/yajar.ch\/#website\"},\"datePublished\":\"2023-05-10T08:47:47+00:00\",\"dateModified\":\"2023-05-10T08:47:47+00:00\",\"breadcrumb\":{\"@id\":\"https:\/\/yajar.ch\/product\/schokoladenmousse\/#breadcrumb\"},\"inLanguage\":\"de\",\"potentialAction\":[{\"@type\":\"ReadAction\",\"target\":[\"https:\/\/yajar.ch\/product\/schokoladenmousse\/\"]}]},{\"@type\":\"BreadcrumbList\",\"@id\":\"https:\/\/yajar.ch\/product\/schokoladenmousse\/#breadcrumb\",\"itemListElement\":[{\"@type\":\"ListItem\",\"position\":1,\"name\":\"Home\",\"item\":\"https:\/\/yajar.ch\/de\/yajar-homepage\/\"},{\"@type\":\"ListItem\",\"position\":2,\"name\":\"Shop\",\"item\":\"https:\/\/yajar.ch\/de\/shop-2\/\"},{\"@type\":\"ListItem\",\"position\":3,\"name\":\"Schokoladenmousse\"}]},{\"@type\":\"WebSite\",\"@id\":\"https:\/\/yajar.ch\/#website\",\"url\":\"https:\/\/yajar.ch\/\",\"name\":\"YaJar. Freshly-made Jar Food\",\"description\":\"YaJar. Your freshly-made &amp; healthy jar meals\",\"publisher\":{\"@id\":\"https:\/\/yajar.ch\/#organization\"},\"potentialAction\":[{\"@type\":\"SearchAction\",\"target\":{\"@type\":\"EntryPoint\",\"urlTemplate\":\"https:\/\/yajar.ch\/?s={search_term_string}\"},\"query-input\":\"required name=search_term_string\"}],\"inLanguage\":\"de\"},{\"@type\":\"Organization\",\"@id\":\"https:\/\/yajar.ch\/#organization\",\"name\":\"YaJar\",\"url\":\"https:\/\/yajar.ch\/\",\"logo\":{\"@type\":\"ImageObject\",\"inLanguage\":\"de\",\"@id\":\"https:\/\/yajar.ch\/#\/schema\/logo\/image\/\",\"url\":\"https:\/\/yajar.ch\/wp-content\/uploads\/2023\/02\/YaJar-logo-black-green.png\",\"contentUrl\":\"https:\/\/yajar.ch\/wp-content\/uploads\/2023\/02\/YaJar-logo-black-green.png\",\"width\":1132,\"height\":508,\"caption\":\"YaJar\"},\"image\":{\"@id\":\"https:\/\/yajar.ch\/#\/schema\/logo\/image\/\"},\"sameAs\":[\"https:\/\/www.facebook.com\/YaJarFood\"]}]}<\/script>\n<!-- \/ Yoast SEO plugin. -->","yoast_head_json":{"title":"Schokoladenmousse - YaJar","robots":{"index":"index","follow":"follow","max-snippet":"max-snippet:-1","max-image-preview":"max-image-preview:large","max-video-preview":"max-video-preview:-1"},"canonical":"https:\/\/yajar.ch\/product\/schokoladenmousse\/","og_locale":"de_DE","og_type":"article","og_title":"Schokoladenmousse - YaJar","og_description":"Geniessen Sie unser hausgemachtes veganes Schokoladenmousse, hergestellt aus feinster schweizer Felchlin Schokolade und luftigem Aquafaba. Diese cremige, pflanzliche K\u00f6stlichkeit bietet einen intensiven Schokoladengeschmack und eine verf\u00fchrerische Textur, die jeden Gaumen verw\u00f6hnt. Perfekt f\u00fcr alle, die auf der Suche nach einer exquisiten und zugleich veganen Dessertoption sind.","og_url":"https:\/\/yajar.ch\/product\/schokoladenmousse\/","og_site_name":"YaJar","article_publisher":"https:\/\/www.facebook.com\/YaJarFood","twitter_card":"summary_large_image","schema":{"@context":"https:\/\/schema.org","@graph":[{"@type":"WebPage","@id":"https:\/\/yajar.ch\/product\/schokoladenmousse\/","url":"https:\/\/yajar.ch\/product\/schokoladenmousse\/","name":"Schokoladenmousse - YaJar","isPartOf":{"@id":"https:\/\/yajar.ch\/#website"},"datePublished":"2023-05-10T08:47:47+00:00","dateModified":"2023-05-10T08:47:47+00:00","breadcrumb":{"@id":"https:\/\/yajar.ch\/product\/schokoladenmousse\/#breadcrumb"},"inLanguage":"de","potentialAction":[{"@type":"ReadAction","target":["https:\/\/yajar.ch\/product\/schokoladenmousse\/"]}]},{"@type":"BreadcrumbList","@id":"https:\/\/yajar.ch\/product\/schokoladenmousse\/#breadcrumb","itemListElement":[{"@type":"ListItem","position":1,"name":"Home","item":"https:\/\/yajar.ch\/de\/yajar-homepage\/"},{"@type":"ListItem","position":2,"name":"Shop","item":"https:\/\/yajar.ch\/de\/shop-2\/"},{"@type":"ListItem","position":3,"name":"Schokoladenmousse"}]},{"@type":"WebSite","@id":"https:\/\/yajar.ch\/#website","url":"https:\/\/yajar.ch\/","name":"YaJar. Freshly-made Jar Food","description":"YaJar. Your freshly-made &amp; healthy jar meals","publisher":{"@id":"https:\/\/yajar.ch\/#organization"},"potentialAction":[{"@type":"SearchAction","target":{"@type":"EntryPoint","urlTemplate":"https:\/\/yajar.ch\/?s={search_term_string}"},"query-input":"required name=search_term_string"}],"inLanguage":"de"},{"@type":"Organization","@id":"https:\/\/yajar.ch\/#organization","name":"YaJar","url":"https:\/\/yajar.ch\/","logo":{"@type":"ImageObject","inLanguage":"de","@id":"https:\/\/yajar.ch\/#\/schema\/logo\/image\/","url":"https:\/\/yajar.ch\/wp-content\/uploads\/2023\/02\/YaJar-logo-black-green.png","contentUrl":"https:\/\/yajar.ch\/wp-content\/uploads\/2023\/02\/YaJar-logo-black-green.png","width":1132,"height":508,"caption":"YaJar"},"image":{"@id":"https:\/\/yajar.ch\/#\/schema\/logo\/image\/"},"sameAs":["https:\/\/www.facebook.com\/YaJarFood"]}]}},"_links":{"self":[{"href":"https:\/\/yajar.ch\/de\/wp-json\/wp\/v2\/product\/5822","targetHints":{"allow":["GET"]}}],"collection":[{"href":"https:\/\/yajar.ch\/de\/wp-json\/wp\/v2\/product"}],"about":[{"href":"https:\/\/yajar.ch\/de\/wp-json\/wp\/v2\/types\/product"}],"replies":[{"embeddable":true,"href":"https:\/\/yajar.ch\/de\/wp-json\/wp\/v2\/comments?post=5822"}],"wp:featuredmedia":[{"embeddable":true,"href":"https:\/\/yajar.ch\/de\/wp-json\/wp\/v2\/media\/4692"}],"wp:attachment":[{"href":"https:\/\/yajar.ch\/de\/wp-json\/wp\/v2\/media?parent=5822"}],"wp:term":[{"taxonomy":"product_brand","embeddable":true,"href":"https:\/\/yajar.ch\/de\/wp-json\/wp\/v2\/product_brand?post=5822"},{"taxonomy":"product_cat","embeddable":true,"href":"https:\/\/yajar.ch\/de\/wp-json\/wp\/v2\/product_cat?post=5822"},{"taxonomy":"product_tag","embeddable":true,"href":"https:\/\/yajar.ch\/de\/wp-json\/wp\/v2\/product_tag?post=5822"}],"curies":[{"name":"wp","href":"https:\/\/api.w.org\/{rel}","templated":true}]}}