{"id":5817,"date":"2023-11-24T12:32:00","date_gmt":"2023-11-24T10:32:00","guid":{"rendered":"https:\/\/yajar.ch\/product\/gruenes-thai-curry\/"},"modified":"2023-11-24T12:32:00","modified_gmt":"2023-11-24T10:32:00","slug":"green-thai-curry","status":"publish","type":"product","link":"https:\/\/yajar.ch\/de\/product\/green-thai-curry\/","title":{"rendered":"Gr\u00fcnes Thai Curry"},"content":{"rendered":"<p>Gr\u00fcnes Thai-Curry, auch bekannt als &#8220;Gaeng Keow Wan&#8221;, ist ein beliebtes Gericht in Zentralthailand und zeichnet sich durch seine charakteristische Sch\u00e4rfe und leuchtend gr\u00fcne Farbe aus. Es wird traditionell aus einer Paste aus gr\u00fcnen Chilischoten, Kr\u00e4utern und Gew\u00fcrzen hergestellt. Die Kombination aus der Sch\u00e4rfe der Chilis, der Frische der Kr\u00e4uter und der Sanftheit der Kokosmilch verleiht dem gr\u00fcnen Thai-Curry eine perfekte Geschmacksharmonie. It is traditionally made from a paste of green chili peppers, herbs and spices. The combination of the spiciness of the chilies, the freshness of the herbs and the smoothness of the coconut milk gives the Thai green curry an ideal harmony of flavors.<\/p>\n<p>340g<\/p>\n","protected":false},"excerpt":{"rendered":"<p>Gr\u00fcnes Thai-Curry, auch bekannt als &#8220;Gaeng Keow Wan&#8221;, ist ein beliebtes Gericht in Zentralthailand und zeichnet sich durch seine charakteristische Sch\u00e4rfe und leuchtend gr\u00fcne Farbe aus. Es wird traditionell aus einer Paste aus gr\u00fcnen Chilischoten, Kr\u00e4utern und Gew\u00fcrzen hergestellt. Die Kombination aus der Sch\u00e4rfe der Chilis, der Frische der Kr\u00e4uter und der Sanftheit der Kokosmilch&hellip;<\/p>\n","protected":false},"featured_media":4868,"comment_status":"open","ping_status":"closed","template":"","meta":[],"product_brand":[],"product_cat":[211],"product_tag":[],"class_list":{"0":"post-5817","1":"product","2":"type-product","3":"status-publish","4":"has-post-thumbnail","6":"product_cat-unkategorisiert","7":"description-off","9":"first","10":"onbackorder","11":"taxable","12":"shipping-taxable","13":"purchasable","14":"product-type-simple"},"acf":[],"yoast_head":"<!-- This site is optimized with the Yoast SEO plugin v20.1 - https:\/\/yoast.com\/wordpress\/plugins\/seo\/ -->\n<title>Gr\u00fcnes Thai Curry - YaJar<\/title>\n<meta name=\"robots\" content=\"index, follow, max-snippet:-1, max-image-preview:large, max-video-preview:-1\" \/>\n<link rel=\"canonical\" href=\"https:\/\/yajar.ch\/product\/gruenes-thai-curry\/\" \/>\n<meta property=\"og:locale\" content=\"de_DE\" \/>\n<meta property=\"og:type\" content=\"article\" \/>\n<meta property=\"og:title\" content=\"Gr\u00fcnes Thai Curry - YaJar\" \/>\n<meta property=\"og:description\" content=\"Gr\u00fcnes Thai-Curry, auch bekannt als &#8220;Gaeng Keow Wan&#8221;, ist ein beliebtes Gericht in Zentralthailand und zeichnet sich durch seine charakteristische Sch\u00e4rfe und leuchtend gr\u00fcne Farbe aus. Es wird traditionell aus einer Paste aus gr\u00fcnen Chilischoten, Kr\u00e4utern und Gew\u00fcrzen hergestellt. Die Kombination aus der Sch\u00e4rfe der Chilis, der Frische der Kr\u00e4uter und der Sanftheit der Kokosmilch&hellip;\" \/>\n<meta property=\"og:url\" content=\"https:\/\/yajar.ch\/product\/gruenes-thai-curry\/\" \/>\n<meta property=\"og:site_name\" content=\"YaJar\" \/>\n<meta property=\"article:publisher\" content=\"https:\/\/www.facebook.com\/YaJarFood\" \/>\n<meta name=\"twitter:card\" content=\"summary_large_image\" \/>\n<meta name=\"twitter:label1\" content=\"Gesch\u00e4tzte Lesezeit\" \/>\n\t<meta name=\"twitter:data1\" content=\"1\u00a0Minute\" \/>\n<script type=\"application\/ld+json\" class=\"yoast-schema-graph\">{\"@context\":\"https:\/\/schema.org\",\"@graph\":[{\"@type\":\"WebPage\",\"@id\":\"https:\/\/yajar.ch\/product\/gruenes-thai-curry\/\",\"url\":\"https:\/\/yajar.ch\/product\/gruenes-thai-curry\/\",\"name\":\"Gr\u00fcnes Thai Curry - YaJar\",\"isPartOf\":{\"@id\":\"https:\/\/yajar.ch\/#website\"},\"datePublished\":\"2023-11-24T10:32:00+00:00\",\"dateModified\":\"2023-11-24T10:32:00+00:00\",\"breadcrumb\":{\"@id\":\"https:\/\/yajar.ch\/product\/gruenes-thai-curry\/#breadcrumb\"},\"inLanguage\":\"de\",\"potentialAction\":[{\"@type\":\"ReadAction\",\"target\":[\"https:\/\/yajar.ch\/product\/gruenes-thai-curry\/\"]}]},{\"@type\":\"BreadcrumbList\",\"@id\":\"https:\/\/yajar.ch\/product\/gruenes-thai-curry\/#breadcrumb\",\"itemListElement\":[{\"@type\":\"ListItem\",\"position\":1,\"name\":\"Home\",\"item\":\"https:\/\/yajar.ch\/de\/yajar-homepage\/\"},{\"@type\":\"ListItem\",\"position\":2,\"name\":\"Shop\",\"item\":\"https:\/\/yajar.ch\/de\/shop-2\/\"},{\"@type\":\"ListItem\",\"position\":3,\"name\":\"Gr\u00fcnes Thai Curry\"}]},{\"@type\":\"WebSite\",\"@id\":\"https:\/\/yajar.ch\/#website\",\"url\":\"https:\/\/yajar.ch\/\",\"name\":\"YaJar. Freshly-made Jar Food\",\"description\":\"YaJar. Your freshly-made &amp; healthy jar meals\",\"publisher\":{\"@id\":\"https:\/\/yajar.ch\/#organization\"},\"potentialAction\":[{\"@type\":\"SearchAction\",\"target\":{\"@type\":\"EntryPoint\",\"urlTemplate\":\"https:\/\/yajar.ch\/?s={search_term_string}\"},\"query-input\":\"required name=search_term_string\"}],\"inLanguage\":\"de\"},{\"@type\":\"Organization\",\"@id\":\"https:\/\/yajar.ch\/#organization\",\"name\":\"YaJar\",\"url\":\"https:\/\/yajar.ch\/\",\"logo\":{\"@type\":\"ImageObject\",\"inLanguage\":\"de\",\"@id\":\"https:\/\/yajar.ch\/#\/schema\/logo\/image\/\",\"url\":\"https:\/\/yajar.ch\/wp-content\/uploads\/2023\/02\/YaJar-logo-black-green.png\",\"contentUrl\":\"https:\/\/yajar.ch\/wp-content\/uploads\/2023\/02\/YaJar-logo-black-green.png\",\"width\":1132,\"height\":508,\"caption\":\"YaJar\"},\"image\":{\"@id\":\"https:\/\/yajar.ch\/#\/schema\/logo\/image\/\"},\"sameAs\":[\"https:\/\/www.facebook.com\/YaJarFood\"]}]}<\/script>\n<!-- \/ Yoast SEO plugin. -->","yoast_head_json":{"title":"Gr\u00fcnes Thai Curry - YaJar","robots":{"index":"index","follow":"follow","max-snippet":"max-snippet:-1","max-image-preview":"max-image-preview:large","max-video-preview":"max-video-preview:-1"},"canonical":"https:\/\/yajar.ch\/product\/gruenes-thai-curry\/","og_locale":"de_DE","og_type":"article","og_title":"Gr\u00fcnes Thai Curry - YaJar","og_description":"Gr\u00fcnes Thai-Curry, auch bekannt als &#8220;Gaeng Keow Wan&#8221;, ist ein beliebtes Gericht in Zentralthailand und zeichnet sich durch seine charakteristische Sch\u00e4rfe und leuchtend gr\u00fcne Farbe aus. Es wird traditionell aus einer Paste aus gr\u00fcnen Chilischoten, Kr\u00e4utern und Gew\u00fcrzen hergestellt. Die Kombination aus der Sch\u00e4rfe der Chilis, der Frische der Kr\u00e4uter und der Sanftheit der Kokosmilch&hellip;","og_url":"https:\/\/yajar.ch\/product\/gruenes-thai-curry\/","og_site_name":"YaJar","article_publisher":"https:\/\/www.facebook.com\/YaJarFood","twitter_card":"summary_large_image","twitter_misc":{"Gesch\u00e4tzte Lesezeit":"1\u00a0Minute"},"schema":{"@context":"https:\/\/schema.org","@graph":[{"@type":"WebPage","@id":"https:\/\/yajar.ch\/product\/gruenes-thai-curry\/","url":"https:\/\/yajar.ch\/product\/gruenes-thai-curry\/","name":"Gr\u00fcnes Thai Curry - YaJar","isPartOf":{"@id":"https:\/\/yajar.ch\/#website"},"datePublished":"2023-11-24T10:32:00+00:00","dateModified":"2023-11-24T10:32:00+00:00","breadcrumb":{"@id":"https:\/\/yajar.ch\/product\/gruenes-thai-curry\/#breadcrumb"},"inLanguage":"de","potentialAction":[{"@type":"ReadAction","target":["https:\/\/yajar.ch\/product\/gruenes-thai-curry\/"]}]},{"@type":"BreadcrumbList","@id":"https:\/\/yajar.ch\/product\/gruenes-thai-curry\/#breadcrumb","itemListElement":[{"@type":"ListItem","position":1,"name":"Home","item":"https:\/\/yajar.ch\/de\/yajar-homepage\/"},{"@type":"ListItem","position":2,"name":"Shop","item":"https:\/\/yajar.ch\/de\/shop-2\/"},{"@type":"ListItem","position":3,"name":"Gr\u00fcnes Thai Curry"}]},{"@type":"WebSite","@id":"https:\/\/yajar.ch\/#website","url":"https:\/\/yajar.ch\/","name":"YaJar. Freshly-made Jar Food","description":"YaJar. Your freshly-made &amp; healthy jar meals","publisher":{"@id":"https:\/\/yajar.ch\/#organization"},"potentialAction":[{"@type":"SearchAction","target":{"@type":"EntryPoint","urlTemplate":"https:\/\/yajar.ch\/?s={search_term_string}"},"query-input":"required name=search_term_string"}],"inLanguage":"de"},{"@type":"Organization","@id":"https:\/\/yajar.ch\/#organization","name":"YaJar","url":"https:\/\/yajar.ch\/","logo":{"@type":"ImageObject","inLanguage":"de","@id":"https:\/\/yajar.ch\/#\/schema\/logo\/image\/","url":"https:\/\/yajar.ch\/wp-content\/uploads\/2023\/02\/YaJar-logo-black-green.png","contentUrl":"https:\/\/yajar.ch\/wp-content\/uploads\/2023\/02\/YaJar-logo-black-green.png","width":1132,"height":508,"caption":"YaJar"},"image":{"@id":"https:\/\/yajar.ch\/#\/schema\/logo\/image\/"},"sameAs":["https:\/\/www.facebook.com\/YaJarFood"]}]}},"_links":{"self":[{"href":"https:\/\/yajar.ch\/de\/wp-json\/wp\/v2\/product\/5817","targetHints":{"allow":["GET"]}}],"collection":[{"href":"https:\/\/yajar.ch\/de\/wp-json\/wp\/v2\/product"}],"about":[{"href":"https:\/\/yajar.ch\/de\/wp-json\/wp\/v2\/types\/product"}],"replies":[{"embeddable":true,"href":"https:\/\/yajar.ch\/de\/wp-json\/wp\/v2\/comments?post=5817"}],"wp:featuredmedia":[{"embeddable":true,"href":"https:\/\/yajar.ch\/de\/wp-json\/wp\/v2\/media\/4868"}],"wp:attachment":[{"href":"https:\/\/yajar.ch\/de\/wp-json\/wp\/v2\/media?parent=5817"}],"wp:term":[{"taxonomy":"product_brand","embeddable":true,"href":"https:\/\/yajar.ch\/de\/wp-json\/wp\/v2\/product_brand?post=5817"},{"taxonomy":"product_cat","embeddable":true,"href":"https:\/\/yajar.ch\/de\/wp-json\/wp\/v2\/product_cat?post=5817"},{"taxonomy":"product_tag","embeddable":true,"href":"https:\/\/yajar.ch\/de\/wp-json\/wp\/v2\/product_tag?post=5817"}],"curies":[{"name":"wp","href":"https:\/\/api.w.org\/{rel}","templated":true}]}}