{"id":5814,"date":"2024-05-20T19:01:41","date_gmt":"2024-05-20T17:01:41","guid":{"rendered":"https:\/\/yajar.ch\/product\/caponata-white-beans-m\/"},"modified":"2025-04-23T21:34:54","modified_gmt":"2025-04-23T19:34:54","slug":"caponata-white-beans-m","status":"publish","type":"product","link":"https:\/\/yajar.ch\/de\/product\/caponata-white-beans-m\/","title":{"rendered":"Caponata &amp; White Beans M"},"content":{"rendered":"<p><strong>Inspiriert von dem sizilianischen Klassiker; Caponata; in unserer Version ergeben in Oliven\u00f6l geschmorte Auberginen in Kombination mit frischem Basilikum und weissen Cannellini Bohnen eine sinnliche Mahlzeit mit einer perfekten Balance aus w\u00fcrzigen und cremigen Elementen und einer lang anhaltender S\u00e4ttigung dank der proteinreichen weissen Bohnen. Es kann auch als Dip f\u00fcr ein spontanes Picknick oder als Ap\u00e9ro Beilage genossen werden.<\/strong><\/p>\n","protected":false},"excerpt":{"rendered":"<div class=\"group w-full text-gray-800 dark:text-gray-100 border-b border-black\/10 dark:border-gray-900\/50 bg-gray-50 dark:bg-[#444654]\">\n<div class=\"flex p-4 gap-4 text-base md:gap-6 md:max-w-2xl lg:max-w-xl xl:max-w-3xl md:py-6 lg:px-0 m-auto\">\n<div class=\"relative flex flex-col w-[calc(100%-50px)] gap-1 md:gap-3 lg:w-[calc(100%-115px)]\">\n<div class=\"flex flex-grow flex-col gap-3\">\n<div class=\"min-h-[20px] flex flex-col items-start gap-4 whitespace-pre-wrap break-words\">\n<div class=\"markdown prose w-full break-words dark:prose-invert light\">\n<p>Caponata and white beans create a hearty and flavorful dish with a perfect balance of tangy and creamy elements.<\/p>\n<\/div>\n<\/div>\n<\/div>\n<\/div>\n<\/div>\n<\/div>\n","protected":false},"featured_media":4608,"comment_status":"open","ping_status":"closed","template":"","meta":[],"product_brand":[],"product_cat":[226,211],"product_tag":[221],"class_list":{"0":"post-5814","1":"product","2":"type-product","3":"status-publish","4":"has-post-thumbnail","6":"product_cat-popular-dishes-de","7":"product_cat-unkategorisiert","8":"product_tag-vegan-de","9":"description-off","11":"first","12":"instock","13":"taxable","14":"shipping-taxable","15":"purchasable","16":"product-type-simple"},"acf":[],"yoast_head":"<!-- This site is optimized with the Yoast SEO plugin v20.1 - https:\/\/yoast.com\/wordpress\/plugins\/seo\/ -->\n<title>Caponata &amp; White Beans M - YaJar<\/title>\n<meta name=\"robots\" content=\"index, follow, max-snippet:-1, max-image-preview:large, max-video-preview:-1\" \/>\n<link rel=\"canonical\" href=\"https:\/\/yajar.ch\/product\/caponata-white-beans-m\/\" \/>\n<meta property=\"og:locale\" content=\"de_DE\" \/>\n<meta property=\"og:type\" content=\"article\" \/>\n<meta property=\"og:title\" content=\"Caponata &amp; White Beans M - YaJar\" \/>\n<meta property=\"og:description\" content=\"Caponata and white beans create a hearty and flavorful dish with a perfect balance of tangy and creamy elements.\" \/>\n<meta property=\"og:url\" content=\"https:\/\/yajar.ch\/product\/caponata-white-beans-m\/\" \/>\n<meta property=\"og:site_name\" content=\"YaJar\" \/>\n<meta property=\"article:publisher\" content=\"https:\/\/www.facebook.com\/YaJarFood\" \/>\n<meta property=\"article:modified_time\" content=\"2025-04-23T19:34:54+00:00\" \/>\n<meta name=\"twitter:card\" content=\"summary_large_image\" \/>\n<script type=\"application\/ld+json\" class=\"yoast-schema-graph\">{\"@context\":\"https:\/\/schema.org\",\"@graph\":[{\"@type\":\"WebPage\",\"@id\":\"https:\/\/yajar.ch\/product\/caponata-white-beans-m\/\",\"url\":\"https:\/\/yajar.ch\/product\/caponata-white-beans-m\/\",\"name\":\"Caponata &amp; White Beans M - YaJar\",\"isPartOf\":{\"@id\":\"https:\/\/yajar.ch\/#website\"},\"datePublished\":\"2024-05-20T17:01:41+00:00\",\"dateModified\":\"2025-04-23T19:34:54+00:00\",\"breadcrumb\":{\"@id\":\"https:\/\/yajar.ch\/product\/caponata-white-beans-m\/#breadcrumb\"},\"inLanguage\":\"de\",\"potentialAction\":[{\"@type\":\"ReadAction\",\"target\":[\"https:\/\/yajar.ch\/product\/caponata-white-beans-m\/\"]}]},{\"@type\":\"BreadcrumbList\",\"@id\":\"https:\/\/yajar.ch\/product\/caponata-white-beans-m\/#breadcrumb\",\"itemListElement\":[{\"@type\":\"ListItem\",\"position\":1,\"name\":\"Home\",\"item\":\"https:\/\/yajar.ch\/de\/yajar-homepage\/\"},{\"@type\":\"ListItem\",\"position\":2,\"name\":\"Shop\",\"item\":\"https:\/\/yajar.ch\/de\/shop-2\/\"},{\"@type\":\"ListItem\",\"position\":3,\"name\":\"Caponata &amp; White Beans M\"}]},{\"@type\":\"WebSite\",\"@id\":\"https:\/\/yajar.ch\/#website\",\"url\":\"https:\/\/yajar.ch\/\",\"name\":\"YaJar. Freshly-made Jar Food\",\"description\":\"YaJar. Your freshly-made &amp; healthy jar meals\",\"publisher\":{\"@id\":\"https:\/\/yajar.ch\/#organization\"},\"potentialAction\":[{\"@type\":\"SearchAction\",\"target\":{\"@type\":\"EntryPoint\",\"urlTemplate\":\"https:\/\/yajar.ch\/?s={search_term_string}\"},\"query-input\":\"required name=search_term_string\"}],\"inLanguage\":\"de\"},{\"@type\":\"Organization\",\"@id\":\"https:\/\/yajar.ch\/#organization\",\"name\":\"YaJar\",\"url\":\"https:\/\/yajar.ch\/\",\"logo\":{\"@type\":\"ImageObject\",\"inLanguage\":\"de\",\"@id\":\"https:\/\/yajar.ch\/#\/schema\/logo\/image\/\",\"url\":\"https:\/\/yajar.ch\/wp-content\/uploads\/2023\/02\/YaJar-logo-black-green.png\",\"contentUrl\":\"https:\/\/yajar.ch\/wp-content\/uploads\/2023\/02\/YaJar-logo-black-green.png\",\"width\":1132,\"height\":508,\"caption\":\"YaJar\"},\"image\":{\"@id\":\"https:\/\/yajar.ch\/#\/schema\/logo\/image\/\"},\"sameAs\":[\"https:\/\/www.facebook.com\/YaJarFood\"]}]}<\/script>\n<!-- \/ Yoast SEO plugin. -->","yoast_head_json":{"title":"Caponata &amp; White Beans M - YaJar","robots":{"index":"index","follow":"follow","max-snippet":"max-snippet:-1","max-image-preview":"max-image-preview:large","max-video-preview":"max-video-preview:-1"},"canonical":"https:\/\/yajar.ch\/product\/caponata-white-beans-m\/","og_locale":"de_DE","og_type":"article","og_title":"Caponata &amp; White Beans M - YaJar","og_description":"Caponata and white beans create a hearty and flavorful dish with a perfect balance of tangy and creamy elements.","og_url":"https:\/\/yajar.ch\/product\/caponata-white-beans-m\/","og_site_name":"YaJar","article_publisher":"https:\/\/www.facebook.com\/YaJarFood","article_modified_time":"2025-04-23T19:34:54+00:00","twitter_card":"summary_large_image","schema":{"@context":"https:\/\/schema.org","@graph":[{"@type":"WebPage","@id":"https:\/\/yajar.ch\/product\/caponata-white-beans-m\/","url":"https:\/\/yajar.ch\/product\/caponata-white-beans-m\/","name":"Caponata &amp; White Beans M - YaJar","isPartOf":{"@id":"https:\/\/yajar.ch\/#website"},"datePublished":"2024-05-20T17:01:41+00:00","dateModified":"2025-04-23T19:34:54+00:00","breadcrumb":{"@id":"https:\/\/yajar.ch\/product\/caponata-white-beans-m\/#breadcrumb"},"inLanguage":"de","potentialAction":[{"@type":"ReadAction","target":["https:\/\/yajar.ch\/product\/caponata-white-beans-m\/"]}]},{"@type":"BreadcrumbList","@id":"https:\/\/yajar.ch\/product\/caponata-white-beans-m\/#breadcrumb","itemListElement":[{"@type":"ListItem","position":1,"name":"Home","item":"https:\/\/yajar.ch\/de\/yajar-homepage\/"},{"@type":"ListItem","position":2,"name":"Shop","item":"https:\/\/yajar.ch\/de\/shop-2\/"},{"@type":"ListItem","position":3,"name":"Caponata &amp; White Beans M"}]},{"@type":"WebSite","@id":"https:\/\/yajar.ch\/#website","url":"https:\/\/yajar.ch\/","name":"YaJar. Freshly-made Jar Food","description":"YaJar. Your freshly-made &amp; healthy jar meals","publisher":{"@id":"https:\/\/yajar.ch\/#organization"},"potentialAction":[{"@type":"SearchAction","target":{"@type":"EntryPoint","urlTemplate":"https:\/\/yajar.ch\/?s={search_term_string}"},"query-input":"required name=search_term_string"}],"inLanguage":"de"},{"@type":"Organization","@id":"https:\/\/yajar.ch\/#organization","name":"YaJar","url":"https:\/\/yajar.ch\/","logo":{"@type":"ImageObject","inLanguage":"de","@id":"https:\/\/yajar.ch\/#\/schema\/logo\/image\/","url":"https:\/\/yajar.ch\/wp-content\/uploads\/2023\/02\/YaJar-logo-black-green.png","contentUrl":"https:\/\/yajar.ch\/wp-content\/uploads\/2023\/02\/YaJar-logo-black-green.png","width":1132,"height":508,"caption":"YaJar"},"image":{"@id":"https:\/\/yajar.ch\/#\/schema\/logo\/image\/"},"sameAs":["https:\/\/www.facebook.com\/YaJarFood"]}]}},"_links":{"self":[{"href":"https:\/\/yajar.ch\/de\/wp-json\/wp\/v2\/product\/5814","targetHints":{"allow":["GET"]}}],"collection":[{"href":"https:\/\/yajar.ch\/de\/wp-json\/wp\/v2\/product"}],"about":[{"href":"https:\/\/yajar.ch\/de\/wp-json\/wp\/v2\/types\/product"}],"replies":[{"embeddable":true,"href":"https:\/\/yajar.ch\/de\/wp-json\/wp\/v2\/comments?post=5814"}],"wp:featuredmedia":[{"embeddable":true,"href":"https:\/\/yajar.ch\/de\/wp-json\/wp\/v2\/media\/4608"}],"wp:attachment":[{"href":"https:\/\/yajar.ch\/de\/wp-json\/wp\/v2\/media?parent=5814"}],"wp:term":[{"taxonomy":"product_brand","embeddable":true,"href":"https:\/\/yajar.ch\/de\/wp-json\/wp\/v2\/product_brand?post=5814"},{"taxonomy":"product_cat","embeddable":true,"href":"https:\/\/yajar.ch\/de\/wp-json\/wp\/v2\/product_cat?post=5814"},{"taxonomy":"product_tag","embeddable":true,"href":"https:\/\/yajar.ch\/de\/wp-json\/wp\/v2\/product_tag?post=5814"}],"curies":[{"name":"wp","href":"https:\/\/api.w.org\/{rel}","templated":true}]}}