{"id":5811,"date":"2024-03-21T22:31:06","date_gmt":"2024-03-21T20:31:06","guid":{"rendered":"https:\/\/yajar.ch\/product\/mafe-senegalesischer-erdnusseintopf\/"},"modified":"2024-03-21T22:31:06","modified_gmt":"2024-03-21T20:31:06","slug":"mafe-senegalese-chicken-peanut-stew-2","status":"publish","type":"product","link":"https:\/\/yajar.ch\/de\/product\/mafe-senegalese-chicken-peanut-stew-2\/","title":{"rendered":"Maf\u00e9- senegalesischer Erdnusseintopf"},"content":{"rendered":"<p>Entdecken Sie den exquisiten Geschmack von Maf\u00e9, einem traditionellen westafrikanischen Erdnuss Eintopf. Hergestellt aus zartem schweizer Pouletfleisch, cremiger Erdnussbutter, wird dieser reichhaltige Eintopf mit geschmortem Gem\u00fcse serviert und bietet ein unvergleichliches Genusserlebnis. Perfekt erg\u00e4nzt mit Reis oder Couscous, bringt Maf\u00e9 die Aromen Senegals direkt auf Ihren Teller.<\/p>\n<p>120g<\/p>\n","protected":false},"excerpt":{"rendered":"<p>Entdecken Sie den exquisiten Geschmack von Maf\u00e9, einem traditionellen westafrikanischen Erdnuss Eintopf. Hergestellt aus zartem schweizer Pouletfleisch, cremiger Erdnussbutter, wird dieser reichhaltige Eintopf mit geschmortem Gem\u00fcse serviert und bietet ein unvergleichliches Genusserlebnis. Perfekt erg\u00e4nzt mit Reis oder Couscous, bringt Maf\u00e9 die Aromen Senegals direkt auf Ihren Teller. 120g<\/p>\n","protected":false},"featured_media":4631,"comment_status":"open","ping_status":"closed","template":"","meta":[],"product_brand":[],"product_cat":[211],"product_tag":[],"class_list":{"0":"post-5811","1":"product","2":"type-product","3":"status-publish","4":"has-post-thumbnail","6":"product_cat-unkategorisiert","7":"description-off","9":"first","10":"instock","11":"taxable","12":"shipping-taxable","13":"purchasable","14":"product-type-simple"},"acf":[],"yoast_head":"<!-- This site is optimized with the Yoast SEO plugin v20.1 - https:\/\/yoast.com\/wordpress\/plugins\/seo\/ -->\n<title>Maf\u00e9- senegalesischer Erdnusseintopf - YaJar<\/title>\n<meta name=\"robots\" content=\"index, follow, max-snippet:-1, max-image-preview:large, max-video-preview:-1\" \/>\n<link rel=\"canonical\" href=\"https:\/\/yajar.ch\/product\/mafe-senegalesischer-erdnusseintopf\/\" \/>\n<meta property=\"og:locale\" content=\"de_DE\" \/>\n<meta property=\"og:type\" content=\"article\" \/>\n<meta property=\"og:title\" content=\"Maf\u00e9- senegalesischer Erdnusseintopf - YaJar\" \/>\n<meta property=\"og:description\" content=\"Entdecken Sie den exquisiten Geschmack von Maf\u00e9, einem traditionellen westafrikanischen Erdnuss Eintopf. Hergestellt aus zartem schweizer Pouletfleisch, cremiger Erdnussbutter, wird dieser reichhaltige Eintopf mit geschmortem Gem\u00fcse serviert und bietet ein unvergleichliches Genusserlebnis. Perfekt erg\u00e4nzt mit Reis oder Couscous, bringt Maf\u00e9 die Aromen Senegals direkt auf Ihren Teller. 120g\" \/>\n<meta property=\"og:url\" content=\"https:\/\/yajar.ch\/product\/mafe-senegalesischer-erdnusseintopf\/\" \/>\n<meta property=\"og:site_name\" content=\"YaJar\" \/>\n<meta property=\"article:publisher\" content=\"https:\/\/www.facebook.com\/YaJarFood\" \/>\n<meta name=\"twitter:card\" content=\"summary_large_image\" \/>\n<script type=\"application\/ld+json\" class=\"yoast-schema-graph\">{\"@context\":\"https:\/\/schema.org\",\"@graph\":[{\"@type\":\"WebPage\",\"@id\":\"https:\/\/yajar.ch\/product\/mafe-senegalesischer-erdnusseintopf\/\",\"url\":\"https:\/\/yajar.ch\/product\/mafe-senegalesischer-erdnusseintopf\/\",\"name\":\"Maf\u00e9- senegalesischer Erdnusseintopf - YaJar\",\"isPartOf\":{\"@id\":\"https:\/\/yajar.ch\/#website\"},\"datePublished\":\"2024-03-21T20:31:06+00:00\",\"dateModified\":\"2024-03-21T20:31:06+00:00\",\"breadcrumb\":{\"@id\":\"https:\/\/yajar.ch\/product\/mafe-senegalesischer-erdnusseintopf\/#breadcrumb\"},\"inLanguage\":\"de\",\"potentialAction\":[{\"@type\":\"ReadAction\",\"target\":[\"https:\/\/yajar.ch\/product\/mafe-senegalesischer-erdnusseintopf\/\"]}]},{\"@type\":\"BreadcrumbList\",\"@id\":\"https:\/\/yajar.ch\/product\/mafe-senegalesischer-erdnusseintopf\/#breadcrumb\",\"itemListElement\":[{\"@type\":\"ListItem\",\"position\":1,\"name\":\"Home\",\"item\":\"https:\/\/yajar.ch\/de\/yajar-homepage\/\"},{\"@type\":\"ListItem\",\"position\":2,\"name\":\"Shop\",\"item\":\"https:\/\/yajar.ch\/de\/shop-2\/\"},{\"@type\":\"ListItem\",\"position\":3,\"name\":\"Maf\u00e9- senegalesischer Erdnusseintopf\"}]},{\"@type\":\"WebSite\",\"@id\":\"https:\/\/yajar.ch\/#website\",\"url\":\"https:\/\/yajar.ch\/\",\"name\":\"YaJar. Freshly-made Jar Food\",\"description\":\"YaJar. Your freshly-made &amp; healthy jar meals\",\"publisher\":{\"@id\":\"https:\/\/yajar.ch\/#organization\"},\"potentialAction\":[{\"@type\":\"SearchAction\",\"target\":{\"@type\":\"EntryPoint\",\"urlTemplate\":\"https:\/\/yajar.ch\/?s={search_term_string}\"},\"query-input\":\"required name=search_term_string\"}],\"inLanguage\":\"de\"},{\"@type\":\"Organization\",\"@id\":\"https:\/\/yajar.ch\/#organization\",\"name\":\"YaJar\",\"url\":\"https:\/\/yajar.ch\/\",\"logo\":{\"@type\":\"ImageObject\",\"inLanguage\":\"de\",\"@id\":\"https:\/\/yajar.ch\/#\/schema\/logo\/image\/\",\"url\":\"https:\/\/yajar.ch\/wp-content\/uploads\/2023\/02\/YaJar-logo-black-green.png\",\"contentUrl\":\"https:\/\/yajar.ch\/wp-content\/uploads\/2023\/02\/YaJar-logo-black-green.png\",\"width\":1132,\"height\":508,\"caption\":\"YaJar\"},\"image\":{\"@id\":\"https:\/\/yajar.ch\/#\/schema\/logo\/image\/\"},\"sameAs\":[\"https:\/\/www.facebook.com\/YaJarFood\"]}]}<\/script>\n<!-- \/ Yoast SEO plugin. -->","yoast_head_json":{"title":"Maf\u00e9- senegalesischer Erdnusseintopf - YaJar","robots":{"index":"index","follow":"follow","max-snippet":"max-snippet:-1","max-image-preview":"max-image-preview:large","max-video-preview":"max-video-preview:-1"},"canonical":"https:\/\/yajar.ch\/product\/mafe-senegalesischer-erdnusseintopf\/","og_locale":"de_DE","og_type":"article","og_title":"Maf\u00e9- senegalesischer Erdnusseintopf - YaJar","og_description":"Entdecken Sie den exquisiten Geschmack von Maf\u00e9, einem traditionellen westafrikanischen Erdnuss Eintopf. Hergestellt aus zartem schweizer Pouletfleisch, cremiger Erdnussbutter, wird dieser reichhaltige Eintopf mit geschmortem Gem\u00fcse serviert und bietet ein unvergleichliches Genusserlebnis. Perfekt erg\u00e4nzt mit Reis oder Couscous, bringt Maf\u00e9 die Aromen Senegals direkt auf Ihren Teller. 120g","og_url":"https:\/\/yajar.ch\/product\/mafe-senegalesischer-erdnusseintopf\/","og_site_name":"YaJar","article_publisher":"https:\/\/www.facebook.com\/YaJarFood","twitter_card":"summary_large_image","schema":{"@context":"https:\/\/schema.org","@graph":[{"@type":"WebPage","@id":"https:\/\/yajar.ch\/product\/mafe-senegalesischer-erdnusseintopf\/","url":"https:\/\/yajar.ch\/product\/mafe-senegalesischer-erdnusseintopf\/","name":"Maf\u00e9- senegalesischer Erdnusseintopf - YaJar","isPartOf":{"@id":"https:\/\/yajar.ch\/#website"},"datePublished":"2024-03-21T20:31:06+00:00","dateModified":"2024-03-21T20:31:06+00:00","breadcrumb":{"@id":"https:\/\/yajar.ch\/product\/mafe-senegalesischer-erdnusseintopf\/#breadcrumb"},"inLanguage":"de","potentialAction":[{"@type":"ReadAction","target":["https:\/\/yajar.ch\/product\/mafe-senegalesischer-erdnusseintopf\/"]}]},{"@type":"BreadcrumbList","@id":"https:\/\/yajar.ch\/product\/mafe-senegalesischer-erdnusseintopf\/#breadcrumb","itemListElement":[{"@type":"ListItem","position":1,"name":"Home","item":"https:\/\/yajar.ch\/de\/yajar-homepage\/"},{"@type":"ListItem","position":2,"name":"Shop","item":"https:\/\/yajar.ch\/de\/shop-2\/"},{"@type":"ListItem","position":3,"name":"Maf\u00e9- senegalesischer Erdnusseintopf"}]},{"@type":"WebSite","@id":"https:\/\/yajar.ch\/#website","url":"https:\/\/yajar.ch\/","name":"YaJar. Freshly-made Jar Food","description":"YaJar. Your freshly-made &amp; healthy jar meals","publisher":{"@id":"https:\/\/yajar.ch\/#organization"},"potentialAction":[{"@type":"SearchAction","target":{"@type":"EntryPoint","urlTemplate":"https:\/\/yajar.ch\/?s={search_term_string}"},"query-input":"required name=search_term_string"}],"inLanguage":"de"},{"@type":"Organization","@id":"https:\/\/yajar.ch\/#organization","name":"YaJar","url":"https:\/\/yajar.ch\/","logo":{"@type":"ImageObject","inLanguage":"de","@id":"https:\/\/yajar.ch\/#\/schema\/logo\/image\/","url":"https:\/\/yajar.ch\/wp-content\/uploads\/2023\/02\/YaJar-logo-black-green.png","contentUrl":"https:\/\/yajar.ch\/wp-content\/uploads\/2023\/02\/YaJar-logo-black-green.png","width":1132,"height":508,"caption":"YaJar"},"image":{"@id":"https:\/\/yajar.ch\/#\/schema\/logo\/image\/"},"sameAs":["https:\/\/www.facebook.com\/YaJarFood"]}]}},"_links":{"self":[{"href":"https:\/\/yajar.ch\/de\/wp-json\/wp\/v2\/product\/5811","targetHints":{"allow":["GET"]}}],"collection":[{"href":"https:\/\/yajar.ch\/de\/wp-json\/wp\/v2\/product"}],"about":[{"href":"https:\/\/yajar.ch\/de\/wp-json\/wp\/v2\/types\/product"}],"replies":[{"embeddable":true,"href":"https:\/\/yajar.ch\/de\/wp-json\/wp\/v2\/comments?post=5811"}],"wp:featuredmedia":[{"embeddable":true,"href":"https:\/\/yajar.ch\/de\/wp-json\/wp\/v2\/media\/4631"}],"wp:attachment":[{"href":"https:\/\/yajar.ch\/de\/wp-json\/wp\/v2\/media?parent=5811"}],"wp:term":[{"taxonomy":"product_brand","embeddable":true,"href":"https:\/\/yajar.ch\/de\/wp-json\/wp\/v2\/product_brand?post=5811"},{"taxonomy":"product_cat","embeddable":true,"href":"https:\/\/yajar.ch\/de\/wp-json\/wp\/v2\/product_cat?post=5811"},{"taxonomy":"product_tag","embeddable":true,"href":"https:\/\/yajar.ch\/de\/wp-json\/wp\/v2\/product_tag?post=5811"}],"curies":[{"name":"wp","href":"https:\/\/api.w.org\/{rel}","templated":true}]}}