{"id":5808,"date":"2024-03-21T22:44:20","date_gmt":"2024-03-21T20:44:20","guid":{"rendered":"https:\/\/yajar.ch\/product\/pikantes-rindsgulasch\/"},"modified":"2025-11-27T17:19:36","modified_gmt":"2025-11-27T15:19:36","slug":"spicy-beef-goulash-s","status":"publish","type":"product","link":"https:\/\/yajar.ch\/de\/product\/spicy-beef-goulash-s\/","title":{"rendered":"Pikantes Rindsgulasch"},"content":{"rendered":"<p><strong>Unser herzhaft-w\u00fcrziges, Gulasch, aus langsam geschmortem schweizer Rindfleisch, Peperoni und Kartoffeln, eine Hommage an die traditionelle ungarische K\u00fcche. Es ist ein wunderbarer, leicht pikanter Genuss, der das ganze Jahr \u00fcber k\u00f6stlich schmeckt.<\/strong><\/p>\n<p>120g<\/p>\n","protected":false},"excerpt":{"rendered":"<p>Spicy beef goulash is a hearty and flavorful stew that features tender chunks of beef simmered in a rich tomato-based sauce infused with smoky paprika and spicy chili peppers, making it a comforting and satisfying meal.<\/p>\n","protected":false},"featured_media":4638,"comment_status":"open","ping_status":"closed","template":"","meta":[],"product_brand":[],"product_cat":[226,211],"product_tag":[218],"class_list":{"0":"post-5808","1":"product","2":"type-product","3":"status-publish","4":"has-post-thumbnail","6":"product_cat-popular-dishes-de","7":"product_cat-unkategorisiert","8":"product_tag-scharf","9":"description-off","11":"first","12":"instock","13":"taxable","14":"shipping-taxable","15":"purchasable","16":"product-type-simple"},"acf":[],"yoast_head":"<!-- This site is optimized with the Yoast SEO plugin v20.1 - https:\/\/yoast.com\/wordpress\/plugins\/seo\/ -->\n<title>Pikantes Rindsgulasch - YaJar<\/title>\n<meta name=\"robots\" content=\"index, follow, max-snippet:-1, max-image-preview:large, max-video-preview:-1\" \/>\n<link rel=\"canonical\" href=\"https:\/\/yajar.ch\/product\/pikantes-rindsgulasch\/\" \/>\n<meta property=\"og:locale\" content=\"de_DE\" \/>\n<meta property=\"og:type\" content=\"article\" \/>\n<meta property=\"og:title\" content=\"Pikantes Rindsgulasch - YaJar\" \/>\n<meta property=\"og:description\" content=\"Spicy beef goulash is a hearty and flavorful stew that features tender chunks of beef simmered in a rich tomato-based sauce infused with smoky paprika and spicy chili peppers, making it a comforting and satisfying meal.\" \/>\n<meta property=\"og:url\" content=\"https:\/\/yajar.ch\/product\/pikantes-rindsgulasch\/\" \/>\n<meta property=\"og:site_name\" content=\"YaJar\" \/>\n<meta property=\"article:publisher\" content=\"https:\/\/www.facebook.com\/YaJarFood\" \/>\n<meta property=\"article:modified_time\" content=\"2025-11-27T15:19:36+00:00\" \/>\n<meta name=\"twitter:card\" content=\"summary_large_image\" \/>\n<script type=\"application\/ld+json\" class=\"yoast-schema-graph\">{\"@context\":\"https:\/\/schema.org\",\"@graph\":[{\"@type\":\"WebPage\",\"@id\":\"https:\/\/yajar.ch\/product\/pikantes-rindsgulasch\/\",\"url\":\"https:\/\/yajar.ch\/product\/pikantes-rindsgulasch\/\",\"name\":\"Pikantes Rindsgulasch - YaJar\",\"isPartOf\":{\"@id\":\"https:\/\/yajar.ch\/#website\"},\"datePublished\":\"2024-03-21T20:44:20+00:00\",\"dateModified\":\"2025-11-27T15:19:36+00:00\",\"breadcrumb\":{\"@id\":\"https:\/\/yajar.ch\/product\/pikantes-rindsgulasch\/#breadcrumb\"},\"inLanguage\":\"de\",\"potentialAction\":[{\"@type\":\"ReadAction\",\"target\":[\"https:\/\/yajar.ch\/product\/pikantes-rindsgulasch\/\"]}]},{\"@type\":\"BreadcrumbList\",\"@id\":\"https:\/\/yajar.ch\/product\/pikantes-rindsgulasch\/#breadcrumb\",\"itemListElement\":[{\"@type\":\"ListItem\",\"position\":1,\"name\":\"Home\",\"item\":\"https:\/\/yajar.ch\/de\/yajar-homepage\/\"},{\"@type\":\"ListItem\",\"position\":2,\"name\":\"Shop\",\"item\":\"https:\/\/yajar.ch\/de\/shop-2\/\"},{\"@type\":\"ListItem\",\"position\":3,\"name\":\"Pikantes Rindsgulasch\"}]},{\"@type\":\"WebSite\",\"@id\":\"https:\/\/yajar.ch\/#website\",\"url\":\"https:\/\/yajar.ch\/\",\"name\":\"YaJar. Freshly-made Jar Food\",\"description\":\"YaJar. Your freshly-made &amp; healthy jar meals\",\"publisher\":{\"@id\":\"https:\/\/yajar.ch\/#organization\"},\"potentialAction\":[{\"@type\":\"SearchAction\",\"target\":{\"@type\":\"EntryPoint\",\"urlTemplate\":\"https:\/\/yajar.ch\/?s={search_term_string}\"},\"query-input\":\"required name=search_term_string\"}],\"inLanguage\":\"de\"},{\"@type\":\"Organization\",\"@id\":\"https:\/\/yajar.ch\/#organization\",\"name\":\"YaJar\",\"url\":\"https:\/\/yajar.ch\/\",\"logo\":{\"@type\":\"ImageObject\",\"inLanguage\":\"de\",\"@id\":\"https:\/\/yajar.ch\/#\/schema\/logo\/image\/\",\"url\":\"https:\/\/yajar.ch\/wp-content\/uploads\/2023\/02\/YaJar-logo-black-green.png\",\"contentUrl\":\"https:\/\/yajar.ch\/wp-content\/uploads\/2023\/02\/YaJar-logo-black-green.png\",\"width\":1132,\"height\":508,\"caption\":\"YaJar\"},\"image\":{\"@id\":\"https:\/\/yajar.ch\/#\/schema\/logo\/image\/\"},\"sameAs\":[\"https:\/\/www.facebook.com\/YaJarFood\"]}]}<\/script>\n<!-- \/ Yoast SEO plugin. -->","yoast_head_json":{"title":"Pikantes Rindsgulasch - YaJar","robots":{"index":"index","follow":"follow","max-snippet":"max-snippet:-1","max-image-preview":"max-image-preview:large","max-video-preview":"max-video-preview:-1"},"canonical":"https:\/\/yajar.ch\/product\/pikantes-rindsgulasch\/","og_locale":"de_DE","og_type":"article","og_title":"Pikantes Rindsgulasch - YaJar","og_description":"Spicy beef goulash is a hearty and flavorful stew that features tender chunks of beef simmered in a rich tomato-based sauce infused with smoky paprika and spicy chili peppers, making it a comforting and satisfying meal.","og_url":"https:\/\/yajar.ch\/product\/pikantes-rindsgulasch\/","og_site_name":"YaJar","article_publisher":"https:\/\/www.facebook.com\/YaJarFood","article_modified_time":"2025-11-27T15:19:36+00:00","twitter_card":"summary_large_image","schema":{"@context":"https:\/\/schema.org","@graph":[{"@type":"WebPage","@id":"https:\/\/yajar.ch\/product\/pikantes-rindsgulasch\/","url":"https:\/\/yajar.ch\/product\/pikantes-rindsgulasch\/","name":"Pikantes Rindsgulasch - YaJar","isPartOf":{"@id":"https:\/\/yajar.ch\/#website"},"datePublished":"2024-03-21T20:44:20+00:00","dateModified":"2025-11-27T15:19:36+00:00","breadcrumb":{"@id":"https:\/\/yajar.ch\/product\/pikantes-rindsgulasch\/#breadcrumb"},"inLanguage":"de","potentialAction":[{"@type":"ReadAction","target":["https:\/\/yajar.ch\/product\/pikantes-rindsgulasch\/"]}]},{"@type":"BreadcrumbList","@id":"https:\/\/yajar.ch\/product\/pikantes-rindsgulasch\/#breadcrumb","itemListElement":[{"@type":"ListItem","position":1,"name":"Home","item":"https:\/\/yajar.ch\/de\/yajar-homepage\/"},{"@type":"ListItem","position":2,"name":"Shop","item":"https:\/\/yajar.ch\/de\/shop-2\/"},{"@type":"ListItem","position":3,"name":"Pikantes Rindsgulasch"}]},{"@type":"WebSite","@id":"https:\/\/yajar.ch\/#website","url":"https:\/\/yajar.ch\/","name":"YaJar. Freshly-made Jar Food","description":"YaJar. Your freshly-made &amp; healthy jar meals","publisher":{"@id":"https:\/\/yajar.ch\/#organization"},"potentialAction":[{"@type":"SearchAction","target":{"@type":"EntryPoint","urlTemplate":"https:\/\/yajar.ch\/?s={search_term_string}"},"query-input":"required name=search_term_string"}],"inLanguage":"de"},{"@type":"Organization","@id":"https:\/\/yajar.ch\/#organization","name":"YaJar","url":"https:\/\/yajar.ch\/","logo":{"@type":"ImageObject","inLanguage":"de","@id":"https:\/\/yajar.ch\/#\/schema\/logo\/image\/","url":"https:\/\/yajar.ch\/wp-content\/uploads\/2023\/02\/YaJar-logo-black-green.png","contentUrl":"https:\/\/yajar.ch\/wp-content\/uploads\/2023\/02\/YaJar-logo-black-green.png","width":1132,"height":508,"caption":"YaJar"},"image":{"@id":"https:\/\/yajar.ch\/#\/schema\/logo\/image\/"},"sameAs":["https:\/\/www.facebook.com\/YaJarFood"]}]}},"_links":{"self":[{"href":"https:\/\/yajar.ch\/de\/wp-json\/wp\/v2\/product\/5808","targetHints":{"allow":["GET"]}}],"collection":[{"href":"https:\/\/yajar.ch\/de\/wp-json\/wp\/v2\/product"}],"about":[{"href":"https:\/\/yajar.ch\/de\/wp-json\/wp\/v2\/types\/product"}],"replies":[{"embeddable":true,"href":"https:\/\/yajar.ch\/de\/wp-json\/wp\/v2\/comments?post=5808"}],"wp:featuredmedia":[{"embeddable":true,"href":"https:\/\/yajar.ch\/de\/wp-json\/wp\/v2\/media\/4638"}],"wp:attachment":[{"href":"https:\/\/yajar.ch\/de\/wp-json\/wp\/v2\/media?parent=5808"}],"wp:term":[{"taxonomy":"product_brand","embeddable":true,"href":"https:\/\/yajar.ch\/de\/wp-json\/wp\/v2\/product_brand?post=5808"},{"taxonomy":"product_cat","embeddable":true,"href":"https:\/\/yajar.ch\/de\/wp-json\/wp\/v2\/product_cat?post=5808"},{"taxonomy":"product_tag","embeddable":true,"href":"https:\/\/yajar.ch\/de\/wp-json\/wp\/v2\/product_tag?post=5808"}],"curies":[{"name":"wp","href":"https:\/\/api.w.org\/{rel}","templated":true}]}}